{"id":40,"date":"2013-02-24T22:21:18","date_gmt":"2013-02-24T21:21:18","guid":{"rendered":"http:\/\/www.dvsterba.cz\/?page_id=40"},"modified":"2017-11-09T05:07:29","modified_gmt":"2017-11-09T04:07:29","slug":"cenik","status":"publish","type":"page","link":"https:\/\/www.dvsterba.cz\/?page_id=40","title":{"rendered":"Katalog"},"content":{"rendered":"<p><img loading=\"lazy\" decoding=\"async\" class=\" wp-image-29 alignleft\" src=\"https:\/\/www.dvsterba.cz\/wp-content\/uploads\/2012\/11\/brikety-300x148.png\" alt=\"DVbrikety\" width=\"177\" height=\"87\" srcset=\"https:\/\/www.dvsterba.cz\/wp-content\/uploads\/2012\/11\/brikety-300x148.png 300w, https:\/\/www.dvsterba.cz\/wp-content\/uploads\/2012\/11\/brikety-1024x507.png 1024w\" sizes=\"auto, (max-width: 177px) 100vw, 177px\" \/><\/p>\n<table style=\"height: 240px;\" border=\"0\" width=\"374\" cellspacing=\"0\" cellpadding=\"0\">\n<tbody>\n<tr>\n<td width=\"13\" height=\"32\"><strong>&#8211;<\/strong><\/td>\n<td width=\"295\"><strong>materi\u00e1l :<\/strong><\/td>\n<td width=\"76\"><\/td>\n<\/tr>\n<tr>\n<td height=\"32\"><\/td>\n<td><strong><span style=\"color: #0000ff;\">pila\u0159sk\u00e1 pilina, sm\u011bs v\u0161ech druh\u016f d\u0159ev<\/span><\/strong><\/td>\n<td><\/td>\n<\/tr>\n<tr>\n<td height=\"32\"><strong>&#8211;<\/strong><\/td>\n<td><strong>balen\u00ed :<\/strong> voln\u011b lo\u017een\u00e9<\/td>\n<td><\/td>\n<\/tr>\n<tr>\n<td height=\"48\"><\/td>\n<td width=\"295\">D\u00edky technologii zpracov\u00e1n\u00ed suroviny, jsou tyto brikety vhodn\u00e9 i pro no\u010dn\u00ed topen\u00ed. A p\u0159i tom s mal\u00fdm obsahem popela p\u0159i ho\u0159en\u00ed.<\/td>\n<td><\/td>\n<\/tr>\n<tr>\n<td height=\"38\"><\/td>\n<td style=\"text-align: right;\"><\/td>\n<td style=\"text-align: right;\"><\/td>\n<\/tr>\n<\/tbody>\n<\/table>\n<p><span style=\"color: #999999;\">____________________________________________________________________________<\/span><\/p>\n<p><img loading=\"lazy\" decoding=\"async\" class=\"size-medium wp-image-94 alignleft\" src=\"https:\/\/www.dvsterba.cz\/wp-content\/uploads\/2013\/02\/PE-\u00e1-10kg-300x263.jpg\" alt=\"PE \u00e1 10kg\" width=\"164\" height=\"143\" srcset=\"https:\/\/www.dvsterba.cz\/wp-content\/uploads\/2013\/02\/PE-\u00e1-10kg-300x263.jpg 300w, https:\/\/www.dvsterba.cz\/wp-content\/uploads\/2013\/02\/PE-\u00e1-10kg-1024x897.jpg 1024w, https:\/\/www.dvsterba.cz\/wp-content\/uploads\/2013\/02\/PE-\u00e1-10kg.jpg 1898w\" sizes=\"auto, (max-width: 164px) 100vw, 164px\" \/><\/p>\n<table border=\"0\" width=\"390\" cellspacing=\"0\" cellpadding=\"0\">\n<colgroup>\n<col width=\"13\" \/>\n<col width=\"281\" \/>\n<col width=\"96\" \/> <\/colgroup>\n<tbody>\n<tr>\n<td width=\"13\" height=\"32\">&#8211;<\/td>\n<td width=\"281\"><strong>materi\u00e1l :<\/strong><\/td>\n<td width=\"96\"><\/td>\n<\/tr>\n<tr>\n<td height=\"32\"><\/td>\n<td><strong><span style=\"color: #0000ff;\">pila\u0159sk\u00e1 pilina, sm\u011bs v\u0161ech druh\u016f d\u0159ev<\/span><\/strong><\/td>\n<td><\/td>\n<\/tr>\n<tr>\n<td height=\"32\">&#8211;<\/td>\n<td><strong>balen\u00ed :<\/strong> plastov\u00fd\u00a0 pytel \u00e1 10 kg<\/td>\n<td><\/td>\n<\/tr>\n<tr>\n<td height=\"17\"><\/td>\n<td><\/td>\n<td><\/td>\n<\/tr>\n<tr>\n<td height=\"48\"><\/td>\n<td width=\"281\">D\u00edky technologii zpracov\u00e1n\u00ed suroviny, jsou tyto brikety vhodn\u00e9 i pro no\u010dn\u00ed topen\u00ed. A p\u0159i tom s mal\u00fdm obsahem popela p\u0159i ho\u0159en\u00ed.<\/td>\n<td><\/td>\n<\/tr>\n<tr>\n<td height=\"38\"><\/td>\n<td style=\"text-align: right;\"><\/td>\n<td style=\"text-align: right;\"><\/td>\n<\/tr>\n<\/tbody>\n<\/table>\n<p><span style=\"color: #999999;\">____________________________________________________________________________<\/span><\/p>\n<p><img loading=\"lazy\" decoding=\"async\" class=\"size-medium wp-image-106 alignleft\" src=\"https:\/\/www.dvsterba.cz\/wp-content\/uploads\/2013\/02\/PE-\u00e1-25kg-195x300.jpg\" alt=\"PE \u00e1 25kg\" width=\"164\" height=\"250\" srcset=\"https:\/\/www.dvsterba.cz\/wp-content\/uploads\/2013\/02\/PE-\u00e1-25kg-668x1024.jpg 668w, https:\/\/www.dvsterba.cz\/wp-content\/uploads\/2013\/02\/PE-\u00e1-25kg.jpg 1286w\" sizes=\"auto, (max-width: 164px) 100vw, 164px\" \/><\/p>\n<table border=\"0\" width=\"390\" cellspacing=\"0\" cellpadding=\"0\">\n<colgroup>\n<col width=\"13\" \/>\n<col width=\"281\" \/>\n<col width=\"96\" \/> <\/colgroup>\n<tbody>\n<tr>\n<td width=\"13\" height=\"32\">&#8211;<\/td>\n<td width=\"281\"><strong>materi\u00e1l :<\/strong><\/td>\n<td width=\"96\"><\/td>\n<\/tr>\n<tr>\n<td height=\"32\"><\/td>\n<td><strong><span style=\"color: #0000ff;\">pila\u0159sk\u00e1 pilina, sm\u011bs v\u0161ech druh\u016f d\u0159ev<\/span><\/strong><\/td>\n<td><\/td>\n<\/tr>\n<tr>\n<td height=\"32\">&#8211;<\/td>\n<td><strong>balen\u00ed :<\/strong> plastov\u00fd\u00a0 pytel \u00e1 25 kg<\/td>\n<td><\/td>\n<\/tr>\n<tr>\n<td height=\"17\"><\/td>\n<td><\/td>\n<td><\/td>\n<\/tr>\n<tr>\n<td height=\"48\"><\/td>\n<td width=\"281\">D\u00edky technologii zpracov\u00e1n\u00ed suroviny, jsou tyto brikety vhodn\u00e9 i pro no\u010dn\u00ed topen\u00ed. A p\u0159i tom s mal\u00fdm obsahem popela p\u0159i ho\u0159en\u00ed.<\/td>\n<td><\/td>\n<\/tr>\n<tr>\n<td height=\"38\"><\/td>\n<td style=\"text-align: right;\"><\/td>\n<td style=\"text-align: right;\"><\/td>\n<\/tr>\n<\/tbody>\n<\/table>\n<p>&nbsp;<\/p>\n<p>&nbsp;<\/p>\n<p><span style=\"color: #999999;\">____________________________________________________________________________<\/span><\/p>\n<p><img loading=\"lazy\" decoding=\"async\" class=\"size-medium wp-image-29 alignleft\" src=\"https:\/\/www.dvsterba.cz\/wp-content\/uploads\/2013\/02\/3-brikety-voln\u011b_SL_b\u00edl\u00e9.jpg\" alt=\"DVbrikety\" width=\"204\" height=\"100\" \/><\/p>\n<table border=\"0\" width=\"353\" cellspacing=\"0\" cellpadding=\"0\">\n<tbody>\n<tr>\n<td width=\"13\" height=\"32\"><strong>&#8211;<\/strong><\/td>\n<td width=\"295\"><strong>materi\u00e1l :<\/strong><\/td>\n<td width=\"76\"><\/td>\n<\/tr>\n<tr>\n<td height=\"32\"><\/td>\n<td style=\"text-align: left;\"><span style=\"color: #1ac70a;\"><strong>\u010dist\u00e1 sm\u011bsov\u00e1 hoblina (smrk,mod\u0159\u00edn,borovice)<\/strong><\/span><\/td>\n<td><\/td>\n<\/tr>\n<tr>\n<td height=\"32\"><strong>&#8211;<\/strong><\/td>\n<td><strong>balen\u00ed :<\/strong> voln\u011b lo\u017een\u00e9<\/td>\n<td><\/td>\n<\/tr>\n<tr>\n<td height=\"48\"><\/td>\n<td width=\"295\">Vzhledem k pou\u017eit\u00e9 surovin\u011b je p\u0159i spalov\u00e1n\u00ed u t\u011bchto briket t\u00e9m\u011b\u0159 nulov\u00e1 popelnatost. Jsou velmi vhodn\u00e9 jestli\u017ee pot\u0159ebuji m\u00edt teplo co nejd\u0159\u00edve.<\/td>\n<td><\/td>\n<\/tr>\n<tr>\n<td height=\"38\"><\/td>\n<td style=\"text-align: right;\"><\/td>\n<td style=\"text-align: right;\"><\/td>\n<\/tr>\n<\/tbody>\n<\/table>\n<p><span style=\"color: #999999;\">____________________________________________________________________________<\/span><\/p>\n<p><img loading=\"lazy\" decoding=\"async\" class=\"alignleft wp-image-118\" src=\"https:\/\/www.dvsterba.cz\/wp-content\/uploads\/2013\/02\/PE-\u00e1-10kg_SL_b\u00edl\u00e9.jpg\" alt=\"PE \u00e1 10kg_SL\" width=\"164\" height=\"143\" \/><\/p>\n<table border=\"0\" width=\"390\" cellspacing=\"0\" cellpadding=\"0\">\n<colgroup>\n<col width=\"13\" \/>\n<col width=\"281\" \/>\n<col width=\"96\" \/> <\/colgroup>\n<tbody>\n<tr>\n<td width=\"13\" height=\"32\">&#8211;<\/td>\n<td width=\"281\"><strong>materi\u00e1l :<\/strong><\/td>\n<td width=\"96\"><\/td>\n<\/tr>\n<tr>\n<td height=\"32\"><\/td>\n<td><strong><span style=\"color: #1ac70a;\">\u010dist\u00e1 sm\u011bsov\u00e1 hoblina (smrk,mod\u0159\u00edn,borovice)<\/span><\/strong><\/td>\n<td><\/td>\n<\/tr>\n<tr>\n<td height=\"32\">&#8211;<\/td>\n<td><strong>balen\u00ed :<\/strong> plastov\u00fd pytel \u00e1 10 kg<\/td>\n<td><\/td>\n<\/tr>\n<tr>\n<td height=\"17\"><\/td>\n<td><\/td>\n<td><\/td>\n<\/tr>\n<tr>\n<td height=\"48\"><\/td>\n<td width=\"281\">Vzhledem k pou\u017eit\u00e9 surovin\u011b je p\u0159i spalov\u00e1n\u00ed u t\u011bchto briket t\u00e9m\u011b\u0159 nulov\u00e1 popelnatost. Jsou velmi vhodn\u00e9 jestli\u017ee pot\u0159ebuji m\u00edt teplo co nejd\u0159\u00edve.<\/td>\n<td><\/td>\n<\/tr>\n<tr>\n<td height=\"38\"><\/td>\n<td style=\"text-align: right;\"><\/td>\n<td style=\"text-align: right;\"><\/td>\n<\/tr>\n<\/tbody>\n<\/table>\n<p><span style=\"color: #999999;\">____________________________________________________________________________<\/span><\/p>\n<p><img loading=\"lazy\" decoding=\"async\" class=\"size-medium wp-image-106 alignleft\" src=\"https:\/\/www.dvsterba.cz\/wp-content\/uploads\/2013\/02\/PE-\u00e1-25kg_SL.jpg\" alt=\"PE \u00e1 25kg\" width=\"164\" height=\"250\" \/><\/p>\n<table border=\"0\" width=\"390\" cellspacing=\"0\" cellpadding=\"0\">\n<colgroup>\n<col width=\"13\" \/>\n<col width=\"281\" \/>\n<col width=\"96\" \/> <\/colgroup>\n<tbody>\n<tr>\n<td width=\"13\" height=\"32\">&#8211;<\/td>\n<td width=\"281\"><strong>materi\u00e1l :<\/strong><\/td>\n<td width=\"96\"><\/td>\n<\/tr>\n<tr>\n<td style=\"text-align: left;\" height=\"32\"><\/td>\n<td style=\"text-align: left;\"><strong><span style=\"color: #1ac70a;\">\u010dist\u00e1 sm\u011bsov\u00e1 hoblina (smrk,mod\u0159\u00edn,borovice)<\/span><\/strong><\/td>\n<td><\/td>\n<\/tr>\n<tr>\n<td height=\"32\">&#8211;<\/td>\n<td><strong>balen\u00ed :<\/strong> plastov\u00fd pytel \u00e1 25 kg<\/td>\n<td><\/td>\n<\/tr>\n<tr>\n<td height=\"17\"><\/td>\n<td><\/td>\n<td><\/td>\n<\/tr>\n<tr>\n<td height=\"48\"><\/td>\n<td width=\"281\">Vzhledem k pou\u017eit\u00e9 surovin\u011b je p\u0159i spalov\u00e1n\u00ed u t\u011bchto briket t\u00e9m\u011b\u0159 nulov\u00e1 popelnatost. Jsou velmi vhodn\u00e9 jestli\u017ee pot\u0159ebuji m\u00edt teplo co nejd\u0159\u00edve.<\/td>\n<td><\/td>\n<\/tr>\n<tr>\n<td height=\"38\"><\/td>\n<td style=\"text-align: right;\"><\/td>\n<td style=\"text-align: right;\"><\/td>\n<\/tr>\n<\/tbody>\n<\/table>\n<p>&nbsp;<\/p>\n<p style=\"text-align: left;\">____________________________________________________________________________<\/p>\n<p>&nbsp;<\/p>\n<p><img loading=\"lazy\" decoding=\"async\" class=\"alignleft wp-image-118\" src=\"https:\/\/www.dvsterba.cz\/wp-content\/uploads\/2013\/02\/PE-\u00e1-10kg_SL_b\u00edl\u00e9.jpg\" alt=\"PE \u00e1 10kg_SL\" width=\"164\" height=\"143\" \/><\/p>\n<table border=\"0\" width=\"390\" cellspacing=\"0\" cellpadding=\"0\">\n<colgroup>\n<col width=\"13\" \/>\n<col width=\"281\" \/>\n<col width=\"96\" \/> <\/colgroup>\n<tbody>\n<tr>\n<td width=\"13\" height=\"32\">&#8211;<\/td>\n<td width=\"281\"><strong>materi\u00e1l :<\/strong><\/td>\n<td width=\"96\"><\/td>\n<\/tr>\n<tr>\n<td height=\"32\"><\/td>\n<td><span style=\"color: #993366;\"><strong>hrubo\/jemn\u00e1 struktura\u00a0 (topol,smrk,buk)<\/strong><\/span><\/td>\n<td><\/td>\n<\/tr>\n<tr>\n<td height=\"32\">&#8211;<\/td>\n<td><strong>balen\u00ed :<\/strong> plastov\u00fd pytel \u00e1 10 kg<\/td>\n<td><\/td>\n<\/tr>\n<tr>\n<td height=\"17\"><\/td>\n<td><\/td>\n<td><\/td>\n<\/tr>\n<tr>\n<td height=\"48\"><\/td>\n<td width=\"281\">Vzhledem k pou\u017eit\u00e9 surovin\u011b jsou tyto brikety vhodn\u00e9 pro zplynovac\u00ed kotle na d\u0159evo. Doba ho\u0159en\u00ed je st\u0159edn\u00ed.<\/td>\n<td><\/td>\n<\/tr>\n<tr>\n<td height=\"38\"><\/td>\n<td style=\"text-align: right;\"><\/td>\n<td style=\"text-align: right;\"><\/td>\n<\/tr>\n<\/tbody>\n<\/table>\n<p><span style=\"color: #999999;\">____________________________________________________________________________<\/span><\/p>\n<p><img loading=\"lazy\" decoding=\"async\" class=\"size-medium wp-image-106 alignleft\" src=\"https:\/\/www.dvsterba.cz\/wp-content\/uploads\/2013\/02\/PE-\u00e1-25kg_SL.jpg\" alt=\"PE \u00e1 25kg\" width=\"164\" height=\"250\" \/><\/p>\n<table border=\"0\" width=\"390\" cellspacing=\"0\" cellpadding=\"0\">\n<colgroup>\n<col width=\"13\" \/>\n<col width=\"281\" \/>\n<col width=\"96\" \/> <\/colgroup>\n<tbody>\n<tr>\n<td width=\"13\" height=\"32\">&#8211;<\/td>\n<td width=\"281\"><strong>materi\u00e1l :<\/strong><\/td>\n<td width=\"96\"><\/td>\n<\/tr>\n<tr>\n<td style=\"text-align: left;\" height=\"32\"><\/td>\n<td style=\"text-align: left;\"><span style=\"color: #993366;\"><strong>hrubo\/jemn\u00e1 struktura\u00a0 (topol,smrk,buk)<\/strong><\/span><\/td>\n<td><\/td>\n<\/tr>\n<tr>\n<td height=\"32\">&#8211;<\/td>\n<td><strong>balen\u00ed :<\/strong> plastov\u00fd pytel \u00e1 25 kg<\/td>\n<td><\/td>\n<\/tr>\n<tr>\n<td height=\"17\"><\/td>\n<td><\/td>\n<td><\/td>\n<\/tr>\n<tr>\n<td height=\"48\"><\/td>\n<td width=\"281\">Vzhledem k pou\u017eit\u00e9 surovin\u011b jsou tyto brikety vhodn\u00e9 pro zplynovac\u00ed kotle na d\u0159evo. Doba ho\u0159en\u00ed je st\u0159edn\u00ed.<\/td>\n<td><\/td>\n<\/tr>\n<tr>\n<td height=\"38\"><\/td>\n<td style=\"text-align: right;\"><\/td>\n<td style=\"text-align: right;\"><\/td>\n<\/tr>\n<\/tbody>\n<\/table>\n<p>&nbsp;<\/p>\n<p style=\"text-align: left;\">____________________________________________________________________________<\/p>\n<p style=\"text-align: left;\"><em>\u00a0<\/em><\/p>\n","protected":false},"excerpt":{"rendered":"<p>&#8211; materi\u00e1l : pila\u0159sk\u00e1 pilina, sm\u011bs v\u0161ech druh\u016f d\u0159ev &#8211; balen\u00ed : voln\u011b lo\u017een\u00e9 D\u00edky technologii zpracov\u00e1n\u00ed suroviny, jsou tyto brikety vhodn\u00e9 i pro no\u010dn\u00ed topen\u00ed. A p\u0159i tom s mal\u00fdm obsahem popela p\u0159i&#46;&#46;&#46;<\/p>\n","protected":false},"author":1,"featured_media":0,"parent":230,"menu_order":21,"comment_status":"open","ping_status":"open","template":"","meta":{"_monsterinsights_skip_tracking":false,"_monsterinsights_sitenote_active":false,"_monsterinsights_sitenote_note":"","_monsterinsights_sitenote_category":0,"footnotes":""},"class_list":["post-40","page","type-page","status-publish","hentry"],"_links":{"self":[{"href":"https:\/\/www.dvsterba.cz\/index.php?rest_route=\/wp\/v2\/pages\/40","targetHints":{"allow":["GET"]}}],"collection":[{"href":"https:\/\/www.dvsterba.cz\/index.php?rest_route=\/wp\/v2\/pages"}],"about":[{"href":"https:\/\/www.dvsterba.cz\/index.php?rest_route=\/wp\/v2\/types\/page"}],"author":[{"embeddable":true,"href":"https:\/\/www.dvsterba.cz\/index.php?rest_route=\/wp\/v2\/users\/1"}],"replies":[{"embeddable":true,"href":"https:\/\/www.dvsterba.cz\/index.php?rest_route=%2Fwp%2Fv2%2Fcomments&post=40"}],"version-history":[{"count":73,"href":"https:\/\/www.dvsterba.cz\/index.php?rest_route=\/wp\/v2\/pages\/40\/revisions"}],"predecessor-version":[{"id":244,"href":"https:\/\/www.dvsterba.cz\/index.php?rest_route=\/wp\/v2\/pages\/40\/revisions\/244"}],"up":[{"embeddable":true,"href":"https:\/\/www.dvsterba.cz\/index.php?rest_route=\/wp\/v2\/pages\/230"}],"wp:attachment":[{"href":"https:\/\/www.dvsterba.cz\/index.php?rest_route=%2Fwp%2Fv2%2Fmedia&parent=40"}],"curies":[{"name":"wp","href":"https:\/\/api.w.org\/{rel}","templated":true}]}}