{"id":36,"date":"2013-02-24T22:18:40","date_gmt":"2013-02-24T21:18:40","guid":{"rendered":"http:\/\/www.dvsterba.cz\/?page_id=36"},"modified":"2013-08-17T17:57:28","modified_gmt":"2013-08-17T16:57:28","slug":"otazky-a-odpovedi","status":"publish","type":"page","link":"https:\/\/www.dvsterba.cz\/?page_id=36","title":{"rendered":"Ot\u00e1zky a odpov\u011bdi"},"content":{"rendered":"<p>Ot\u00e1zek je hodn\u011b. Pro n\u00e1s je to alespo\u0148 p\u0159\u00edle\u017eitost vysv\u011btlit jak d\u0159ev\u011bn\u00e9 brikety pou\u017e\u00edvat a co nejl\u00e9pe vyu\u017e\u00edt jejich energii p\u0159i topen\u00ed.<\/p>\n","protected":false},"excerpt":{"rendered":"<p>Ot\u00e1zek je hodn\u011b. Pro n\u00e1s je to alespo\u0148 p\u0159\u00edle\u017eitost vysv\u011btlit jak d\u0159ev\u011bn\u00e9 brikety pou\u017e\u00edvat a co nejl\u00e9pe vyu\u017e\u00edt jejich energii p\u0159i topen\u00ed.<\/p>\n","protected":false},"author":1,"featured_media":0,"parent":0,"menu_order":20,"comment_status":"closed","ping_status":"closed","template":"","meta":{"_monsterinsights_skip_tracking":false,"_monsterinsights_sitenote_active":false,"_monsterinsights_sitenote_note":"","_monsterinsights_sitenote_category":0,"footnotes":""},"class_list":["post-36","page","type-page","status-publish","hentry"],"_links":{"self":[{"href":"https:\/\/www.dvsterba.cz\/index.php?rest_route=\/wp\/v2\/pages\/36","targetHints":{"allow":["GET"]}}],"collection":[{"href":"https:\/\/www.dvsterba.cz\/index.php?rest_route=\/wp\/v2\/pages"}],"about":[{"href":"https:\/\/www.dvsterba.cz\/index.php?rest_route=\/wp\/v2\/types\/page"}],"author":[{"embeddable":true,"href":"https:\/\/www.dvsterba.cz\/index.php?rest_route=\/wp\/v2\/users\/1"}],"replies":[{"embeddable":true,"href":"https:\/\/www.dvsterba.cz\/index.php?rest_route=%2Fwp%2Fv2%2Fcomments&post=36"}],"version-history":[{"count":6,"href":"https:\/\/www.dvsterba.cz\/index.php?rest_route=\/wp\/v2\/pages\/36\/revisions"}],"predecessor-version":[{"id":53,"href":"https:\/\/www.dvsterba.cz\/index.php?rest_route=\/wp\/v2\/pages\/36\/revisions\/53"}],"wp:attachment":[{"href":"https:\/\/www.dvsterba.cz\/index.php?rest_route=%2Fwp%2Fv2%2Fmedia&parent=36"}],"curies":[{"name":"wp","href":"https:\/\/api.w.org\/{rel}","templated":true}]}}