{"id":2,"date":"2012-11-13T12:55:31","date_gmt":"2012-11-13T12:55:31","guid":{"rendered":"http:\/\/www.dvsterba.cz\/?page_id=2"},"modified":"2022-07-17T21:05:49","modified_gmt":"2022-07-17T20:05:49","slug":"zkusebni-stranka","status":"publish","type":"page","link":"https:\/\/www.dvsterba.cz\/?page_id=2","title":{"rendered":"Kontakt"},"content":{"rendered":"\n<div class=\"wpcf7 no-js\" id=\"wpcf7-f222-o1\" lang=\"cs-CZ\" dir=\"ltr\" data-wpcf7-id=\"222\">\n<div class=\"screen-reader-response\"><p role=\"status\" aria-live=\"polite\" aria-atomic=\"true\"><\/p> <ul><\/ul><\/div>\n<form action=\"\/index.php?rest_route=%2Fwp%2Fv2%2Fpages%2F2#wpcf7-f222-o1\" method=\"post\" class=\"wpcf7-form init\" aria-label=\"Kontaktn\u00ed formul\u00e1\u0159\" novalidate=\"novalidate\" data-status=\"init\">\n<fieldset class=\"hidden-fields-container\"><input type=\"hidden\" name=\"_wpcf7\" value=\"222\" \/><input type=\"hidden\" name=\"_wpcf7_version\" value=\"6.1.5\" \/><input type=\"hidden\" name=\"_wpcf7_locale\" value=\"cs_CZ\" \/><input type=\"hidden\" name=\"_wpcf7_unit_tag\" value=\"wpcf7-f222-o1\" \/><input type=\"hidden\" name=\"_wpcf7_container_post\" value=\"0\" \/><input type=\"hidden\" name=\"_wpcf7_posted_data_hash\" value=\"\" \/><input type=\"hidden\" name=\"_wpcf7_recaptcha_response\" value=\"\" \/>\n<\/fieldset>\n<p>Va\u0161e jm\u00e9no (vy\u017eadov\u00e1no)\n<\/p>\n<p><span class=\"wpcf7-form-control-wrap\" data-name=\"your-name\"><input size=\"40\" maxlength=\"400\" class=\"wpcf7-form-control wpcf7-text wpcf7-validates-as-required\" aria-required=\"true\" aria-invalid=\"false\" value=\"\" type=\"text\" name=\"your-name\" \/><\/span>\n<\/p>\n<p>V\u00e1\u0161 email (vy\u017eadov\u00e1no)\n<\/p>\n<p><span class=\"wpcf7-form-control-wrap\" data-name=\"your-email\"><input size=\"40\" maxlength=\"400\" class=\"wpcf7-form-control wpcf7-email wpcf7-validates-as-required wpcf7-text wpcf7-validates-as-email\" aria-required=\"true\" aria-invalid=\"false\" value=\"\" type=\"email\" name=\"your-email\" \/><\/span>\n<\/p>\n<p>V\u00e1\u0161 tel. kontakt (vy\u017eadov\u00e1no)\n<\/p>\n<p><span class=\"wpcf7-form-control-wrap\" data-name=\"telefon\"><input size=\"40\" maxlength=\"400\" class=\"wpcf7-form-control wpcf7-tel wpcf7-validates-as-required wpcf7-text wpcf7-validates-as-tel\" aria-required=\"true\" aria-invalid=\"false\" placeholder=\"+420 384 490 151\" value=\"\" type=\"tel\" name=\"telefon\" \/><\/span>\n<\/p>\n<p>P\u0159edm\u011bt\n<\/p>\n<p><span class=\"wpcf7-form-control-wrap\" data-name=\"your-subject\"><input size=\"40\" maxlength=\"400\" class=\"wpcf7-form-control wpcf7-text\" aria-invalid=\"false\" value=\"\" type=\"text\" name=\"your-subject\" \/><\/span>\n<\/p>\n<p>Va\u0161e zpr\u00e1va\n<\/p>\n<p><span class=\"wpcf7-form-control-wrap\" data-name=\"your-message\"><textarea cols=\"40\" rows=\"10\" maxlength=\"2000\" class=\"wpcf7-form-control wpcf7-textarea\" aria-invalid=\"false\" name=\"your-message\"><\/textarea><\/span>\n<\/p>\n<p><script src=\"https:\/\/www.google.com\/recaptcha\/api.js\"><\/script>\n<\/p>\n<p><input class=\"wpcf7-form-control wpcf7-submit has-spinner\" type=\"submit\" value=\"Odeslat\" \/>\n<\/p><div class=\"wpcf7-response-output\" aria-hidden=\"true\"><\/div>\n<\/form>\n<\/div>\n\n<p><strong>DV \u0160t\u011brba s.r.o.<\/strong><br \/>\nMal\u00fd Jen\u00edkov 14<br \/>\n378 53 Strmilov<\/p>\n<p>I\u010cO: 05307546<br \/>\nDI\u010c: CZ05307546<\/p>\n<table style=\"height: 106px;\" width=\"215\" cellspacing=\"0\" cellpadding=\"0\" border=\"0\">\n<colgroup>\n<col width=\"62\"\/>\n<col width=\"131\"\/> <\/colgroup>\n<tbody>\n<tr>\n<td width=\"62\" height=\"26\"><\/td>\n<td width=\"131\"><\/td>\n<\/tr>\n<tr>\n<td height=\"26\">tel:<\/td>\n<td><strong>+420 384 490 151<\/strong><\/td>\n<\/tr>\n<tr>\n<td height=\"26\"><\/td>\n<td><\/td>\n<\/tr>\n<tr>\n<td height=\"34\">e-mail:<\/td>\n<td><strong>info(@)dvsterba.cz<\/strong><\/td>\n<\/tr>\n<\/tbody>\n<\/table>\n<h2><strong><span style=\"color: #000000;\">V\u00fdroba:<\/span><\/strong><\/h2>\n<h3><em>MAL\u00dd JEN\u00cdKOV<\/em><\/h3>\n<address>Mal\u00fd Jen\u00edkov 14, 378 53 Strmilov<\/address>\n<address>&nbsp;<\/address>\n<p><iframe loading=\"lazy\" style=\"border:none\" src=\"https:\/\/frame.mapy.cz\/s\/kuzehaputu\" width=\"100%\" height=\"466\" frameborder=\"0\"><\/iframe><\/p>\n<address>&nbsp;<\/address>\n<address>&nbsp;<\/address>\n<address>\n<h3><em>SLAVONICE<\/em><\/h3>\n<\/address>\n<address>Rudoleck\u00e1 626, 378 81 Slavonice<\/address>\n<address>&nbsp;<\/address>\n<p><iframe loading=\"lazy\" style=\"border:none\" src=\"https:\/\/frame.mapy.cz\/s\/bujoresuce\" width=\"100%\" height=\"466\" frameborder=\"0\"><\/iframe><\/p>\n","protected":false},"excerpt":{"rendered":"<p>DV \u0160t\u011brba s.r.o. Mal\u00fd Jen\u00edkov 14 378 53 Strmilov I\u010cO: 05307546 DI\u010c: CZ05307546 tel: +420 384 490 151 e-mail: info(@)dvsterba.cz V\u00fdroba: MAL\u00dd JEN\u00cdKOV Mal\u00fd Jen\u00edkov 14, 378 53 Strmilov &nbsp; &nbsp; &nbsp; SLAVONICE Rudoleck\u00e1&#46;&#46;&#46;<\/p>\n","protected":false},"author":1,"featured_media":0,"parent":0,"menu_order":3,"comment_status":"open","ping_status":"open","template":"","meta":{"_monsterinsights_skip_tracking":false,"_monsterinsights_sitenote_active":false,"_monsterinsights_sitenote_note":"","_monsterinsights_sitenote_category":0,"footnotes":""},"class_list":["post-2","page","type-page","status-publish","hentry"],"_links":{"self":[{"href":"https:\/\/www.dvsterba.cz\/index.php?rest_route=\/wp\/v2\/pages\/2","targetHints":{"allow":["GET"]}}],"collection":[{"href":"https:\/\/www.dvsterba.cz\/index.php?rest_route=\/wp\/v2\/pages"}],"about":[{"href":"https:\/\/www.dvsterba.cz\/index.php?rest_route=\/wp\/v2\/types\/page"}],"author":[{"embeddable":true,"href":"https:\/\/www.dvsterba.cz\/index.php?rest_route=\/wp\/v2\/users\/1"}],"replies":[{"embeddable":true,"href":"https:\/\/www.dvsterba.cz\/index.php?rest_route=%2Fwp%2Fv2%2Fcomments&post=2"}],"version-history":[{"count":52,"href":"https:\/\/www.dvsterba.cz\/index.php?rest_route=\/wp\/v2\/pages\/2\/revisions"}],"predecessor-version":[{"id":279,"href":"https:\/\/www.dvsterba.cz\/index.php?rest_route=\/wp\/v2\/pages\/2\/revisions\/279"}],"wp:attachment":[{"href":"https:\/\/www.dvsterba.cz\/index.php?rest_route=%2Fwp%2Fv2%2Fmedia&parent=2"}],"curies":[{"name":"wp","href":"https:\/\/api.w.org\/{rel}","templated":true}]}}