{"id":11,"date":"2012-11-18T17:49:23","date_gmt":"2012-11-18T16:49:23","guid":{"rendered":"http:\/\/www.dvsterba.cz\/?page_id=11"},"modified":"2016-01-15T22:36:23","modified_gmt":"2016-01-15T21:36:23","slug":"o-nas","status":"publish","type":"page","link":"https:\/\/www.dvsterba.cz\/","title":{"rendered":"O n\u00e1s"},"content":{"rendered":"<p>Jsme mal\u00e1 rodinn\u00e1 firma a hlavn\u00edm oborem na\u0161\u00ed \u010dinnosti je zpracov\u00e1n\u00ed biomasy na v\u00fdrobu d\u0159ev\u011bn\u00fdch briket. Palivo, kter\u00e9 se skv\u011ble skladuje a je vhodn\u00e9 pro v\u011bt\u0161inu topeni\u0161\u0165.<\/p>\n<p>Jako hlavn\u00ed a jedin\u00e1 technologie zpracov\u00e1n\u00ed byla v roce 1993 zvolen\u00e1 technologie od spole\u010dnosti RUF. Jedn\u00e1 se o jedine\u010dn\u00e9 \u0159e\u0161en\u00ed v\u00fdroby fin\u00e1ln\u00edho v\u00fdrobku, jak ve velikosti, tak i kvalit\u011b. Piliny jsou lisov\u00e1ny do kv\u00e1dru o rozm\u011bru 150 x\u00a0 65 x 70 mm.<a href=\"https:\/\/www.dvsterba.cz\/wp-content\/uploads\/2012\/11\/brikety.png\" data-rel=\"lightbox-image-0\" data-rl_title=\"\" data-rl_caption=\"\" title=\"\"><img loading=\"lazy\" decoding=\"async\" class=\"size-medium wp-image-29 alignright\" src=\"https:\/\/www.dvsterba.cz\/wp-content\/uploads\/2012\/11\/brikety-300x148.png\" alt=\"DVbrikety\" width=\"300\" height=\"148\" srcset=\"https:\/\/www.dvsterba.cz\/wp-content\/uploads\/2012\/11\/brikety-300x148.png 300w, https:\/\/www.dvsterba.cz\/wp-content\/uploads\/2012\/11\/brikety-1024x507.png 1024w\" sizes=\"auto, (max-width: 300px) 100vw, 300px\" \/><\/a> Tento zp\u016fsob zaru\u010duje vysokou kvalitu a dlouhou dobu ho\u0159en\u00ed.<\/p>\n","protected":false},"excerpt":{"rendered":"<p>Jsme mal\u00e1 rodinn\u00e1 firma a hlavn\u00edm oborem na\u0161\u00ed \u010dinnosti je zpracov\u00e1n\u00ed biomasy na v\u00fdrobu d\u0159ev\u011bn\u00fdch briket. Palivo, kter\u00e9 se skv\u011ble skladuje a je vhodn\u00e9 pro v\u011bt\u0161inu topeni\u0161\u0165. Jako hlavn\u00ed a jedin\u00e1 technologie zpracov\u00e1n\u00ed byla&#46;&#46;&#46;<\/p>\n","protected":false},"author":1,"featured_media":0,"parent":0,"menu_order":1,"comment_status":"open","ping_status":"open","template":"","meta":{"_monsterinsights_skip_tracking":false,"_monsterinsights_sitenote_active":false,"_monsterinsights_sitenote_note":"","_monsterinsights_sitenote_category":0,"footnotes":""},"class_list":["post-11","page","type-page","status-publish","hentry"],"_links":{"self":[{"href":"https:\/\/www.dvsterba.cz\/index.php?rest_route=\/wp\/v2\/pages\/11","targetHints":{"allow":["GET"]}}],"collection":[{"href":"https:\/\/www.dvsterba.cz\/index.php?rest_route=\/wp\/v2\/pages"}],"about":[{"href":"https:\/\/www.dvsterba.cz\/index.php?rest_route=\/wp\/v2\/types\/page"}],"author":[{"embeddable":true,"href":"https:\/\/www.dvsterba.cz\/index.php?rest_route=\/wp\/v2\/users\/1"}],"replies":[{"embeddable":true,"href":"https:\/\/www.dvsterba.cz\/index.php?rest_route=%2Fwp%2Fv2%2Fcomments&post=11"}],"version-history":[{"count":9,"href":"https:\/\/www.dvsterba.cz\/index.php?rest_route=\/wp\/v2\/pages\/11\/revisions"}],"predecessor-version":[{"id":229,"href":"https:\/\/www.dvsterba.cz\/index.php?rest_route=\/wp\/v2\/pages\/11\/revisions\/229"}],"wp:attachment":[{"href":"https:\/\/www.dvsterba.cz\/index.php?rest_route=%2Fwp%2Fv2%2Fmedia&parent=11"}],"curies":[{"name":"wp","href":"https:\/\/api.w.org\/{rel}","templated":true}]}}